{"id":39,"date":"2024-04-02T19:48:29","date_gmt":"2024-04-02T15:48:29","guid":{"rendered":"https:\/\/caspianfinance.az\/about\/"},"modified":"2026-01-19T03:36:20","modified_gmt":"2026-01-18T23:36:20","slug":"about-us","status":"publish","type":"page","link":"https:\/\/caspianfinance.az\/en\/about-us\/","title":{"rendered":"About Us"},"content":{"rendered":"\n\n\n\n<h2>About Us<\/h2>\n\n\n\n\n\n\n\n\n\n\n<h3><span style=\"font-style: normal;\">\u201c&#8221;CASPIAN FINANCE Non-Bank Credit Institution&#8221; Limited Liability Company was included in the central register of licenses BKT-46 on October 25, 2023.<\/span><\/h3>\n<h3><span style=\"font-style: normal;\">Our mission is to become a long-term loyal partner of our clients by providing a wider range of financial services in progressive ways together with our professional team and partners.\nThe company will constantly analyze the competitive market, introduce new credit products with more progressive sales methods.\nSociety will always keep digital services and investments in this area in mind. <\/span><\/h3>\n<h3><span style=\"font-style: normal;\">The strategic vision of CASPIAN FINANCE BOKT is to make it a leading credit organization that provides its target market with constantly updated credit products with innovative technologies.\nOur clients are individuals, individual entrepreneurs, representatives of small and medium businesses.\n<\/span><\/h3>\n\n\n\n\n\n\n\n\n\n\n\n\n\n\n\n\n\n\n\n\n\n\n\n\n\n<h2>Requisites<\/h2>\n\n\n\n\n\n\n\n\n\n\n\n\n\n\n\n<h2> <\/h2>\n\n\n<h2>Benefisiar ad\u0131 \/ Beneficiary name&nbsp;&nbsp;<\/h2>\n\n<h2><span style=\"white-space:pre\"><\/span>Hesab n\u00f6mr\u0259si \/ Account number (IBAN)<span style=\"white-space: pre;\">\t<\/span><\/h2>\n\n<h2>Hesab valyutas\u0131 \/ Account currency<span style=\"white-space:pre\">\t<\/span><\/h2>\n\n<h2>V\u00d6EN \/ TIN<span style=\"white-space:pre\">\t<\/span><\/h2>\n\n<h2>Benefisiar bank \/ Beneficiary bank<span style=\"white-space:pre\">\t<\/span><\/h2>\n\n<h2>SWIFT\/BIC<span style=\"white-space:pre\">\t<\/span><\/h2>\n\n<h2>M\u00fcxbir hesab \/ Correspondent account<span style=\"white-space:pre\">\t<\/span><\/h2>\n\n<h2>Bank\u0131n kodu \/ Bank code<span style=\"white-space:pre\">\t<\/span><\/h2>\n\n<h2>Bank\u0131n V\u00d6EN-i \/ Bank TIN<span style=\"white-space:pre\">\t<\/span><\/h2>\n\n<h2>Bank\u0131n \u00fcnvan\u0131 \/ Bank address<span style=\"white-space:pre\">\t<\/span><\/h2>\n\n<h2>Telefon \/ Telephone<span style=\"white-space:pre\">\t<\/span><\/h2>\n\n<h2>FAX<\/h2>\n\n<h2>Mail<span style=\"white-space:pre\">\t<\/span><\/h2>\n\n\n\n\n<h2>ABB<\/h2>\n<h2>Business<\/h2>\n\n<h2>CASPIAN FINANCE BANK OLMAYAN KREDIT&nbsp; &nbsp; TASKILATI MAHDUD MASULIYYATLI CAMIYYATI<br><\/h2>\n\n<h2>AZ06IBAZ35060019443289883209<br><\/h2>\n\n<h2>AZN<br><\/h2>\n\n<h2>1308064481<br><\/h2>\n\n<h2>ABB, SABAYIL FILIALI<br><\/h2>\n\n<h2>IBAZAZ2X<br><\/h2>\n\n<h2>AZ03NABZ01350100000000002944<br><\/h2>\n\n<h2>805056<br><\/h2>\n\n<h2>9900001881<br><\/h2>\n\n<h2>Nizami st. 67, AZ1005, Baku, Azerbaijan<br><\/h2>\n\n<h2>(+994 12) 493 00 91<br><\/h2>\n\n<h2>(+994 12) 493 00 91<\/h2>\n\n<h2>corporates@abb-bank.az<br><\/h2>\n\n\n\n\n\n\n\n\n\n\n\n\n<h2> <\/h2>\n\n<h2>Benefisiar ad\u0131 \/ Beneficiary name&nbsp;&nbsp;<\/h2>\n\n<h2><span style=\"white-space:pre\"><\/span>Hesab n\u00f6mr\u0259si \/ Account number (IBAN)<span style=\"white-space: pre;\">\t<\/span><\/h2>\n\n<h2>Hesab valyutas\u0131 \/ Account currency<span style=\"white-space:pre\">\t<\/span><\/h2>\n\n<h2>V\u00d6EN \/ TIN<span style=\"white-space:pre\">\t<\/span><\/h2>\n\n<h2>Benefisiar bank \/ Beneficiary bank<span style=\"white-space:pre\">\t<\/span><\/h2>\n\n<h2>SWIFT\/BIC<span style=\"white-space:pre\">\t<\/span><\/h2>\n\n<h2>M\u00fcxbir hesab \/ Correspondent account<span style=\"white-space:pre\">\t<\/span><\/h2>\n\n<h2>Bank\u0131n kodu \/ Bank code<span style=\"white-space:pre\">\t<\/span><\/h2>\n\n<h2>Bank\u0131n V\u00d6EN-i \/ Bank TIN<span style=\"white-space:pre\">\t<\/span><\/h2>\n\n<h2>Bank\u0131n \u00fcnvan\u0131 \/ Bank address<span style=\"white-space:pre\">\t<\/span><\/h2>\n\n<h2>Telefon \/ Telephone<span style=\"white-space:pre\">\t<\/span><\/h2>\n\n<h2>FAX<\/h2>\n\n<h2>&nbsp;<\/h2>\n\n\n\n\n<h2>Pa\u015fa<\/h2>\n<h2>Bank<\/h2>\n\n<h2>CASPIAN FINANCE BANK OLMAYAN KREDIT&nbsp; &nbsp; TASKILATI MAHDUD MASULIYYATLI CAMIYYATI<br><\/h2>\n\n<h2>AZ52PAHA35090AZNHC0100586854<br><\/h2>\n\n<h2>AZN<br><\/h2>\n\n<h2>1308064481<br><\/h2>\n\n<h2>PA\u015eA Bank ASC<br><\/h2>\n\n<h2>PAHAAZ22<br><\/h2>\n\n<h2>AZ82NABZ01350100000000071944<br><\/h2>\n\n<h2>505141<br><\/h2>\n\n<h2>1700767721<br><\/h2>\n\n<h2>Baku City. (AZ1005), Yusif Mammadaliyev st.3<\/h2>\n\n<h2>(+994 12) 496 50 00<br><\/h2>\n\n<h2>(+994 12) 496 50 10<\/h2>\n\n<h2>&nbsp;<\/h2>\n\n\n\n\n\n\n\n\n\n\n\n\n\n\n\n\n\n\n\n\n\n\n\n\n\n<h2>Benefisiar ad\u0131 \/ Beneficiary name:<\/h2>\n<h2>CASPIAN FINANCE BANK OLMAYAN KREDIT    TASKILATI MAHDUD MASULIYYATLI CAMIYYATI\n<\/h2>\n\n\n<h2>Hesab n\u00f6mr\u0259si \/ Account number (IBAN):<\/h2>\n<h2>AZ06IBAZ35060019443289883209<\/h2>\n\n\n<h2>Hesab valyutas\u0131 \/ Account currency:<\/h2>\n<h2>AZN<\/h2>\n\n\n<h2>V\u00d6EN \/ TIN:<\/h2>\n<h2>1308064481<\/h2>\n\n\n<h2>Benefisiar bank \/ Beneficiary bank:<\/h2>\n<h2>ABB, SABAYIL FILIALI<\/h2>\n\n<h2>SWIFT\/BIC:<\/h2>\n<h2>IBAZAZ2X<\/h2>\n\n\n<h2>M\u00fcxbir hesab \/ Correspondent account:<\/h2>\n<h2>AZ03NABZ01350100000000002944<\/h2>\n\n\n<h2>Bank\u0131n kodu \/ Bank code:<\/h2>\n<h2>805056<\/h2>\n\n\n<h2>Bank\u0131n V\u00d6EN-i \/ Bank TIN:<\/h2>\n<h2>9900001881<\/h2>\n\n\n<h2>Bank\u0131n \u00fcnvan\u0131 \/ Bank address:<\/h2>\n<h2>Nizami st. 67,   AZ1005, Baku, Azerbaijan<\/h2>\n\n\n<h2>Telefon \/ Telephone:<\/h2>\n<h2>(+994 12) 493 00 91<\/h2>\n\n\n<h2>FAX:<\/h2>\n<h2>(+994 12) 493 00 91<\/h2>\n\n\n<h2>Mail:<\/h2>\n<h2>corporates@abb-bank.az<\/h2>\n\n\n\n\n\n\n\n\n\n\n\n<h2>Benefisiar ad\u0131 \/ Beneficiary name:<\/h2>\n<h2>CASPIAN FINANCE BANK OLMAYAN KREDIT    TASKILATI MAHDUD MASULIYYATLI CAMIYYATI\n<\/h2>\n\n\n<h2>Hesab n\u00f6mr\u0259si \/ Account number (IBAN):<\/h2>\n<h2>AZ52PAHA35090AZNHC0100586854<\/h2>\n\n\n<h2>Hesab valyutas\u0131 \/ Account currency:<\/h2>\n<h2>AZN<\/h2>\n\n\n<h2>V\u00d6EN \/ TIN:<\/h2>\n<h2>1308064481<\/h2>\n\n\n<h2>Benefisiar bank \/ Beneficiary bank:<\/h2>\n<h2>PA\u015eA Bank ASC<\/h2>\n\n<h2>SWIFT\/BIC:<\/h2>\n<h2>PAHAAZ22<\/h2>\n\n\n<h2>M\u00fcxbir hesab \/ Correspondent account:<\/h2>\n<h2>AZ82NABZ01350100000000071944<\/h2>\n\n\n<h2>Bank\u0131n kodu \/ Bank code:<\/h2>\n<h2>505141<\/h2>\n\n\n<h2>Bank\u0131n V\u00d6EN-i \/ Bank TIN:<\/h2>\n<h2>1700767721<\/h2>\n\n\n<h2>Bank\u0131n \u00fcnvan\u0131 \/ Bank address:<\/h2>\n<h2>Baku City (AZ1005), Yusif Mammadaliyev st. 13<\/h2>\n\n\n<h2>Telefon \/ Telephone:<\/h2>\n<h2>(+994 12) 496 50 00<\/h2>\n\n\n<h2>FAX:<\/h2>\n<h2>(+994 12) 496 50 10<\/h2>\n\n\n\n\n\n\n\n\n","protected":false},"excerpt":{"rendered":"","protected":false},"author":1,"featured_media":0,"parent":0,"menu_order":0,"comment_status":"closed","ping_status":"closed","template":"","meta":{"nf_dc_page":"","pagelayer_contact_templates":[],"_pagelayer_content":"","footnotes":""},"class_list":["post-39","page","type-page","status-publish","hentry"],"yoast_head":"<!-- This site is optimized with the Yoast SEO plugin v27.4 - https:\/\/yoast.com\/product\/yoast-seo-wordpress\/ -->\n<title>About Us - Caspian Finance<\/title>\n<meta name=\"robots\" content=\"index, follow, max-snippet:-1, max-image-preview:large, max-video-preview:-1\" \/>\n<link rel=\"canonical\" href=\"https:\/\/caspianfinance.az\/en\/about-us\/\" \/>\n<meta property=\"og:locale\" content=\"en_US\" \/>\n<meta property=\"og:type\" content=\"article\" \/>\n<meta property=\"og:title\" content=\"About Us - Caspian Finance\" \/>\n<meta property=\"og:url\" content=\"https:\/\/caspianfinance.az\/en\/about-us\/\" \/>\n<meta property=\"og:site_name\" content=\"Caspian Finance\" \/>\n<meta property=\"article:modified_time\" content=\"2026-01-18T23:36:20+00:00\" \/>\n<meta name=\"twitter:card\" content=\"summary_large_image\" \/>\n<meta name=\"twitter:label1\" content=\"Est. reading time\" \/>\n\t<meta name=\"twitter:data1\" content=\"2 minutes\" \/>\n<script type=\"application\/ld+json\" class=\"yoast-schema-graph\">{\"@context\":\"https:\\\/\\\/schema.org\",\"@graph\":[{\"@type\":\"WebPage\",\"@id\":\"https:\\\/\\\/caspianfinance.az\\\/en\\\/about-us\\\/\",\"url\":\"https:\\\/\\\/caspianfinance.az\\\/en\\\/about-us\\\/\",\"name\":\"About Us - Caspian Finance\",\"isPartOf\":{\"@id\":\"https:\\\/\\\/caspianfinance.az\\\/en\\\/#website\"},\"datePublished\":\"2024-04-02T15:48:29+00:00\",\"dateModified\":\"2026-01-18T23:36:20+00:00\",\"breadcrumb\":{\"@id\":\"https:\\\/\\\/caspianfinance.az\\\/en\\\/about-us\\\/#breadcrumb\"},\"inLanguage\":\"en-US\",\"potentialAction\":[{\"@type\":\"ReadAction\",\"target\":[\"https:\\\/\\\/caspianfinance.az\\\/en\\\/about-us\\\/\"]}]},{\"@type\":\"BreadcrumbList\",\"@id\":\"https:\\\/\\\/caspianfinance.az\\\/en\\\/about-us\\\/#breadcrumb\",\"itemListElement\":[{\"@type\":\"ListItem\",\"position\":1,\"name\":\"Home\",\"item\":\"https:\\\/\\\/caspianfinance.az\\\/en\\\/\"},{\"@type\":\"ListItem\",\"position\":2,\"name\":\"About Us\"}]},{\"@type\":\"WebSite\",\"@id\":\"https:\\\/\\\/caspianfinance.az\\\/en\\\/#website\",\"url\":\"https:\\\/\\\/caspianfinance.az\\\/en\\\/\",\"name\":\"Caspian Finance\",\"description\":\"Caspian Finance\",\"publisher\":{\"@id\":\"https:\\\/\\\/caspianfinance.az\\\/en\\\/#organization\"},\"potentialAction\":[{\"@type\":\"SearchAction\",\"target\":{\"@type\":\"EntryPoint\",\"urlTemplate\":\"https:\\\/\\\/caspianfinance.az\\\/en\\\/?s={search_term_string}\"},\"query-input\":{\"@type\":\"PropertyValueSpecification\",\"valueRequired\":true,\"valueName\":\"search_term_string\"}}],\"inLanguage\":\"en-US\"},{\"@type\":\"Organization\",\"@id\":\"https:\\\/\\\/caspianfinance.az\\\/en\\\/#organization\",\"name\":\"Caspian Finance\",\"url\":\"https:\\\/\\\/caspianfinance.az\\\/en\\\/\",\"logo\":{\"@type\":\"ImageObject\",\"inLanguage\":\"en-US\",\"@id\":\"https:\\\/\\\/caspianfinance.az\\\/en\\\/#\\\/schema\\\/logo\\\/image\\\/\",\"url\":\"https:\\\/\\\/caspianfinance.az\\\/en\\\/wp-content\\\/uploads\\\/2024\\\/07\\\/cropped-cropped-Caspian-Logo_prev_ui-1-1.png\",\"contentUrl\":\"https:\\\/\\\/caspianfinance.az\\\/en\\\/wp-content\\\/uploads\\\/2024\\\/07\\\/cropped-cropped-Caspian-Logo_prev_ui-1-1.png\",\"width\":221,\"height\":220,\"caption\":\"Caspian Finance\"},\"image\":{\"@id\":\"https:\\\/\\\/caspianfinance.az\\\/en\\\/#\\\/schema\\\/logo\\\/image\\\/\"}}]}<\/script>\n<!-- \/ Yoast SEO plugin. -->","yoast_head_json":{"title":"About Us - Caspian Finance","robots":{"index":"index","follow":"follow","max-snippet":"max-snippet:-1","max-image-preview":"max-image-preview:large","max-video-preview":"max-video-preview:-1"},"canonical":"https:\/\/caspianfinance.az\/en\/about-us\/","og_locale":"en_US","og_type":"article","og_title":"About Us - Caspian Finance","og_url":"https:\/\/caspianfinance.az\/en\/about-us\/","og_site_name":"Caspian Finance","article_modified_time":"2026-01-18T23:36:20+00:00","twitter_card":"summary_large_image","twitter_misc":{"Est. reading time":"2 minutes"},"schema":{"@context":"https:\/\/schema.org","@graph":[{"@type":"WebPage","@id":"https:\/\/caspianfinance.az\/en\/about-us\/","url":"https:\/\/caspianfinance.az\/en\/about-us\/","name":"About Us - Caspian Finance","isPartOf":{"@id":"https:\/\/caspianfinance.az\/en\/#website"},"datePublished":"2024-04-02T15:48:29+00:00","dateModified":"2026-01-18T23:36:20+00:00","breadcrumb":{"@id":"https:\/\/caspianfinance.az\/en\/about-us\/#breadcrumb"},"inLanguage":"en-US","potentialAction":[{"@type":"ReadAction","target":["https:\/\/caspianfinance.az\/en\/about-us\/"]}]},{"@type":"BreadcrumbList","@id":"https:\/\/caspianfinance.az\/en\/about-us\/#breadcrumb","itemListElement":[{"@type":"ListItem","position":1,"name":"Home","item":"https:\/\/caspianfinance.az\/en\/"},{"@type":"ListItem","position":2,"name":"About Us"}]},{"@type":"WebSite","@id":"https:\/\/caspianfinance.az\/en\/#website","url":"https:\/\/caspianfinance.az\/en\/","name":"Caspian Finance","description":"Caspian Finance","publisher":{"@id":"https:\/\/caspianfinance.az\/en\/#organization"},"potentialAction":[{"@type":"SearchAction","target":{"@type":"EntryPoint","urlTemplate":"https:\/\/caspianfinance.az\/en\/?s={search_term_string}"},"query-input":{"@type":"PropertyValueSpecification","valueRequired":true,"valueName":"search_term_string"}}],"inLanguage":"en-US"},{"@type":"Organization","@id":"https:\/\/caspianfinance.az\/en\/#organization","name":"Caspian Finance","url":"https:\/\/caspianfinance.az\/en\/","logo":{"@type":"ImageObject","inLanguage":"en-US","@id":"https:\/\/caspianfinance.az\/en\/#\/schema\/logo\/image\/","url":"https:\/\/caspianfinance.az\/en\/wp-content\/uploads\/2024\/07\/cropped-cropped-Caspian-Logo_prev_ui-1-1.png","contentUrl":"https:\/\/caspianfinance.az\/en\/wp-content\/uploads\/2024\/07\/cropped-cropped-Caspian-Logo_prev_ui-1-1.png","width":221,"height":220,"caption":"Caspian Finance"},"image":{"@id":"https:\/\/caspianfinance.az\/en\/#\/schema\/logo\/image\/"}}]}},"_links":{"self":[{"href":"https:\/\/caspianfinance.az\/en\/wp-json\/wp\/v2\/pages\/39","targetHints":{"allow":["GET"]}}],"collection":[{"href":"https:\/\/caspianfinance.az\/en\/wp-json\/wp\/v2\/pages"}],"about":[{"href":"https:\/\/caspianfinance.az\/en\/wp-json\/wp\/v2\/types\/page"}],"author":[{"embeddable":true,"href":"https:\/\/caspianfinance.az\/en\/wp-json\/wp\/v2\/users\/1"}],"replies":[{"embeddable":true,"href":"https:\/\/caspianfinance.az\/en\/wp-json\/wp\/v2\/comments?post=39"}],"version-history":[{"count":5,"href":"https:\/\/caspianfinance.az\/en\/wp-json\/wp\/v2\/pages\/39\/revisions"}],"predecessor-version":[{"id":2388,"href":"https:\/\/caspianfinance.az\/en\/wp-json\/wp\/v2\/pages\/39\/revisions\/2388"}],"wp:attachment":[{"href":"https:\/\/caspianfinance.az\/en\/wp-json\/wp\/v2\/media?parent=39"}],"curies":[{"name":"wp","href":"https:\/\/api.w.org\/{rel}","templated":true}]}}